{"id":6387,"date":"2025-10-09T17:25:01","date_gmt":"2025-10-09T17:25:01","guid":{"rendered":"https:\/\/woodandbeauty.com\/?post_type=product&#038;p=6387"},"modified":"2025-10-25T19:26:39","modified_gmt":"2025-10-25T19:26:39","slug":"prisma-star-modular-stool","status":"publish","type":"product","link":"https:\/\/woodandbeauty.com\/fr\/produit\/prisma-star-modular-stool\/","title":{"rendered":"Prisma Star Modular Stool"},"content":{"rendered":"<p>Le tabouret modulaire Prisma Star allie cr\u00e9ativit\u00e9 et fonctionnalit\u00e9 dans un design moderne. Dot\u00e9 d'une structure en bois robuste et d'un rev\u00eatement confortable, il peut \u00eatre utilis\u00e9 seul ou en am\u00e9nagement modulaire. Sa forme g\u00e9om\u00e9trique unique apporte une touche d'\u00e9l\u00e9gance \u00e0 tout espace contemporain.<\/p>","protected":false},"excerpt":{"rendered":"<p><strong>MATERIAU<\/strong>\u00a0100% premium Teck Massif<br \/>\nDisponible En Plusieurs Finitions<br \/>\nDimensions Speciales sur Demande<\/p>","protected":false},"featured_media":6389,"comment_status":"open","ping_status":"closed","template":"","meta":[],"product_brand":[],"product_cat":[85],"product_tag":[],"class_list":{"0":"post-6387","1":"product","2":"type-product","3":"status-publish","4":"has-post-thumbnail","6":"product_cat-poufs","8":"first","9":"instock","10":"shipping-taxable","11":"product-type-simple"},"_links":{"self":[{"href":"https:\/\/woodandbeauty.com\/fr\/wp-json\/wp\/v2\/product\/6387","targetHints":{"allow":["GET"]}}],"collection":[{"href":"https:\/\/woodandbeauty.com\/fr\/wp-json\/wp\/v2\/product"}],"about":[{"href":"https:\/\/woodandbeauty.com\/fr\/wp-json\/wp\/v2\/types\/product"}],"replies":[{"embeddable":true,"href":"https:\/\/woodandbeauty.com\/fr\/wp-json\/wp\/v2\/comments?post=6387"}],"wp:featuredmedia":[{"embeddable":true,"href":"https:\/\/woodandbeauty.com\/fr\/wp-json\/wp\/v2\/media\/6389"}],"wp:attachment":[{"href":"https:\/\/woodandbeauty.com\/fr\/wp-json\/wp\/v2\/media?parent=6387"}],"wp:term":[{"taxonomy":"product_brand","embeddable":true,"href":"https:\/\/woodandbeauty.com\/fr\/wp-json\/wp\/v2\/product_brand?post=6387"},{"taxonomy":"product_cat","embeddable":true,"href":"https:\/\/woodandbeauty.com\/fr\/wp-json\/wp\/v2\/product_cat?post=6387"},{"taxonomy":"product_tag","embeddable":true,"href":"https:\/\/woodandbeauty.com\/fr\/wp-json\/wp\/v2\/product_tag?post=6387"}],"curies":[{"name":"wp","href":"https:\/\/api.w.org\/{rel}","templated":true}]}}