{"id":6396,"date":"2025-10-09T17:30:27","date_gmt":"2025-10-09T17:30:27","guid":{"rendered":"https:\/\/woodandbeauty.com\/?post_type=product&#038;p=6396"},"modified":"2025-10-25T19:26:06","modified_gmt":"2025-10-25T19:26:06","slug":"pooh-pouf-two","status":"publish","type":"product","link":"https:\/\/woodandbeauty.com\/fr\/produit\/pooh-pouf-two\/","title":{"rendered":"Pooh Pouf"},"content":{"rendered":"<p>Le pouf Pooh allie confort et \u00e9l\u00e9gance dans un design compact. Fabriqu\u00e9 avec des mat\u00e9riaux haut de gamme et un rembourrage moelleux, il allie fonctionnalit\u00e9 et style. Id\u00e9al comme si\u00e8ge d'appoint, repose-pieds ou \u00e9l\u00e9ment d\u00e9coratif, il s'int\u00e8gre parfaitement \u00e0 tout int\u00e9rieur moderne ou classique.<\/p>","protected":false},"excerpt":{"rendered":"<p><strong>MATERIAU<\/strong>\u00a0100% premium Teck Massif<br \/>\nDisponible En Plusieurs Finitions<br \/>\nDimensions Speciales sur Demande<\/p>","protected":false},"featured_media":6397,"comment_status":"open","ping_status":"closed","template":"","meta":[],"product_brand":[],"product_cat":[85],"product_tag":[],"class_list":{"0":"post-6396","1":"product","2":"type-product","3":"status-publish","4":"has-post-thumbnail","6":"product_cat-poufs","8":"first","9":"instock","10":"shipping-taxable","11":"product-type-simple"},"_links":{"self":[{"href":"https:\/\/woodandbeauty.com\/fr\/wp-json\/wp\/v2\/product\/6396","targetHints":{"allow":["GET"]}}],"collection":[{"href":"https:\/\/woodandbeauty.com\/fr\/wp-json\/wp\/v2\/product"}],"about":[{"href":"https:\/\/woodandbeauty.com\/fr\/wp-json\/wp\/v2\/types\/product"}],"replies":[{"embeddable":true,"href":"https:\/\/woodandbeauty.com\/fr\/wp-json\/wp\/v2\/comments?post=6396"}],"wp:featuredmedia":[{"embeddable":true,"href":"https:\/\/woodandbeauty.com\/fr\/wp-json\/wp\/v2\/media\/6397"}],"wp:attachment":[{"href":"https:\/\/woodandbeauty.com\/fr\/wp-json\/wp\/v2\/media?parent=6396"}],"wp:term":[{"taxonomy":"product_brand","embeddable":true,"href":"https:\/\/woodandbeauty.com\/fr\/wp-json\/wp\/v2\/product_brand?post=6396"},{"taxonomy":"product_cat","embeddable":true,"href":"https:\/\/woodandbeauty.com\/fr\/wp-json\/wp\/v2\/product_cat?post=6396"},{"taxonomy":"product_tag","embeddable":true,"href":"https:\/\/woodandbeauty.com\/fr\/wp-json\/wp\/v2\/product_tag?post=6396"}],"curies":[{"name":"wp","href":"https:\/\/api.w.org\/{rel}","templated":true}]}}