{"id":6432,"date":"2025-10-10T17:07:34","date_gmt":"2025-10-10T17:07:34","guid":{"rendered":"https:\/\/woodandbeauty.com\/?post_type=product&#038;p=6432"},"modified":"2025-10-25T19:04:20","modified_gmt":"2025-10-25T19:04:20","slug":"eros-sun-lounger","status":"publish","type":"product","link":"https:\/\/woodandbeauty.com\/fr\/produit\/eros-sun-lounger\/","title":{"rendered":"Eros Sun Lounger"},"content":{"rendered":"<p>Bain de soleil Eros \u2013 Alliant confort et design contemporain, id\u00e9al pour se d\u00e9tendre en plein air. Fabriqu\u00e9 avec une structure en bois robuste et des mat\u00e9riaux r\u00e9sistants aux intemp\u00e9ries, il offre une qualit\u00e9 durable. Ses lignes \u00e9pur\u00e9es et son dossier r\u00e9glable en font l'endroit id\u00e9al pour se d\u00e9tendre avec style au soleil.<\/p>","protected":false},"excerpt":{"rendered":"<p><strong> MATERIAU<\/strong> 100% premium Teck Massif<br \/>\nDisponible En Plusieurs Finitions<br \/>\nDimensions Speciales sur Demande<\/p>","protected":false},"featured_media":6428,"comment_status":"open","ping_status":"closed","template":"","meta":[],"product_brand":[],"product_cat":[90],"product_tag":[],"class_list":{"0":"post-6432","1":"product","2":"type-product","3":"status-publish","4":"has-post-thumbnail","6":"product_cat-sun-lounger","8":"first","9":"instock","10":"shipping-taxable","11":"product-type-simple"},"_links":{"self":[{"href":"https:\/\/woodandbeauty.com\/fr\/wp-json\/wp\/v2\/product\/6432","targetHints":{"allow":["GET"]}}],"collection":[{"href":"https:\/\/woodandbeauty.com\/fr\/wp-json\/wp\/v2\/product"}],"about":[{"href":"https:\/\/woodandbeauty.com\/fr\/wp-json\/wp\/v2\/types\/product"}],"replies":[{"embeddable":true,"href":"https:\/\/woodandbeauty.com\/fr\/wp-json\/wp\/v2\/comments?post=6432"}],"wp:featuredmedia":[{"embeddable":true,"href":"https:\/\/woodandbeauty.com\/fr\/wp-json\/wp\/v2\/media\/6428"}],"wp:attachment":[{"href":"https:\/\/woodandbeauty.com\/fr\/wp-json\/wp\/v2\/media?parent=6432"}],"wp:term":[{"taxonomy":"product_brand","embeddable":true,"href":"https:\/\/woodandbeauty.com\/fr\/wp-json\/wp\/v2\/product_brand?post=6432"},{"taxonomy":"product_cat","embeddable":true,"href":"https:\/\/woodandbeauty.com\/fr\/wp-json\/wp\/v2\/product_cat?post=6432"},{"taxonomy":"product_tag","embeddable":true,"href":"https:\/\/woodandbeauty.com\/fr\/wp-json\/wp\/v2\/product_tag?post=6432"}],"curies":[{"name":"wp","href":"https:\/\/api.w.org\/{rel}","templated":true}]}}