{"id":6457,"date":"2025-10-11T11:21:31","date_gmt":"2025-10-11T11:21:31","guid":{"rendered":"https:\/\/woodandbeauty.com\/?post_type=product&#038;p=6457"},"modified":"2026-02-10T10:00:49","modified_gmt":"2026-02-10T10:00:49","slug":"pooh-lounge-chair","status":"publish","type":"product","link":"https:\/\/woodandbeauty.com\/fr\/produit\/pooh-lounge-chair\/","title":{"rendered":"Pooh Lounge Chair"},"content":{"rendered":"<p>Le fauteuil Winnie l'Ourson apporte une touche de luxe et de confort \u00e0 tout espace. Fabriqu\u00e9 avec une structure en bois massif et un tissu doux et de haute qualit\u00e9, il offre un confort exceptionnel et une durabilit\u00e9 exceptionnelle. Son design chaleureux et son assise moelleuse en font un choix id\u00e9al pour se d\u00e9tendre et embellir votre int\u00e9rieur.<\/p>","protected":false},"excerpt":{"rendered":"<p><strong>MATERIAU<\/strong>\u00a0100% premium Teck Massif<br \/>\nDisponible En Plusieurs Finitions<br \/>\nDimensions Speciales sur Demande<\/p>","protected":false},"featured_media":6458,"comment_status":"open","ping_status":"closed","template":"","meta":[],"product_brand":[],"product_cat":[50],"product_tag":[],"class_list":{"0":"post-6457","1":"product","2":"type-product","3":"status-publish","4":"has-post-thumbnail","6":"product_cat-lounge-chairs","8":"first","9":"instock","10":"shipping-taxable","11":"product-type-simple"},"_links":{"self":[{"href":"https:\/\/woodandbeauty.com\/fr\/wp-json\/wp\/v2\/product\/6457","targetHints":{"allow":["GET"]}}],"collection":[{"href":"https:\/\/woodandbeauty.com\/fr\/wp-json\/wp\/v2\/product"}],"about":[{"href":"https:\/\/woodandbeauty.com\/fr\/wp-json\/wp\/v2\/types\/product"}],"replies":[{"embeddable":true,"href":"https:\/\/woodandbeauty.com\/fr\/wp-json\/wp\/v2\/comments?post=6457"}],"wp:featuredmedia":[{"embeddable":true,"href":"https:\/\/woodandbeauty.com\/fr\/wp-json\/wp\/v2\/media\/6458"}],"wp:attachment":[{"href":"https:\/\/woodandbeauty.com\/fr\/wp-json\/wp\/v2\/media?parent=6457"}],"wp:term":[{"taxonomy":"product_brand","embeddable":true,"href":"https:\/\/woodandbeauty.com\/fr\/wp-json\/wp\/v2\/product_brand?post=6457"},{"taxonomy":"product_cat","embeddable":true,"href":"https:\/\/woodandbeauty.com\/fr\/wp-json\/wp\/v2\/product_cat?post=6457"},{"taxonomy":"product_tag","embeddable":true,"href":"https:\/\/woodandbeauty.com\/fr\/wp-json\/wp\/v2\/product_tag?post=6457"}],"curies":[{"name":"wp","href":"https:\/\/api.w.org\/{rel}","templated":true}]}}