{"id":6466,"date":"2025-10-11T11:27:07","date_gmt":"2025-10-11T11:27:07","guid":{"rendered":"https:\/\/woodandbeauty.com\/?post_type=product&#038;p=6466"},"modified":"2025-11-29T13:06:30","modified_gmt":"2025-11-29T13:06:30","slug":"sarah-relax-chair","status":"publish","type":"product","link":"https:\/\/woodandbeauty.com\/fr\/produit\/sarah-relax-chair\/","title":{"rendered":"Sarah Relax Chair"},"content":{"rendered":"<p>Le fauteuil relax Sarah offre l'\u00e9quilibre parfait entre confort et \u00e9l\u00e9gance. Dot\u00e9 d'une structure en bois robuste et d'un rev\u00eatement moelleux, il offre un excellent soutien pour une d\u00e9tente ultime. Son design \u00e9l\u00e9gant et ses d\u00e9tails raffin\u00e9s en font un ajout \u00e9l\u00e9gant \u00e0 tout espace de vie.<\/p>","protected":false},"excerpt":{"rendered":"<p><strong>MATERIAU<\/strong>\u00a0100% premium Teck Massif<br \/>\nDisponible En Plusieurs Finitions<br \/>\nDimensions Speciales sur Demande<\/p>","protected":false},"featured_media":6467,"comment_status":"open","ping_status":"closed","template":"","meta":[],"product_brand":[],"product_cat":[50,73],"product_tag":[],"class_list":{"0":"post-6466","1":"product","2":"type-product","3":"status-publish","4":"has-post-thumbnail","6":"product_cat-lounge-chairs","7":"product_cat-the-new-sara-line-collection","9":"first","10":"instock","11":"shipping-taxable","12":"product-type-simple"},"_links":{"self":[{"href":"https:\/\/woodandbeauty.com\/fr\/wp-json\/wp\/v2\/product\/6466","targetHints":{"allow":["GET"]}}],"collection":[{"href":"https:\/\/woodandbeauty.com\/fr\/wp-json\/wp\/v2\/product"}],"about":[{"href":"https:\/\/woodandbeauty.com\/fr\/wp-json\/wp\/v2\/types\/product"}],"replies":[{"embeddable":true,"href":"https:\/\/woodandbeauty.com\/fr\/wp-json\/wp\/v2\/comments?post=6466"}],"wp:featuredmedia":[{"embeddable":true,"href":"https:\/\/woodandbeauty.com\/fr\/wp-json\/wp\/v2\/media\/6467"}],"wp:attachment":[{"href":"https:\/\/woodandbeauty.com\/fr\/wp-json\/wp\/v2\/media?parent=6466"}],"wp:term":[{"taxonomy":"product_brand","embeddable":true,"href":"https:\/\/woodandbeauty.com\/fr\/wp-json\/wp\/v2\/product_brand?post=6466"},{"taxonomy":"product_cat","embeddable":true,"href":"https:\/\/woodandbeauty.com\/fr\/wp-json\/wp\/v2\/product_cat?post=6466"},{"taxonomy":"product_tag","embeddable":true,"href":"https:\/\/woodandbeauty.com\/fr\/wp-json\/wp\/v2\/product_tag?post=6466"}],"curies":[{"name":"wp","href":"https:\/\/api.w.org\/{rel}","templated":true}]}}