{"id":6474,"date":"2025-10-11T11:31:09","date_gmt":"2025-10-11T11:31:09","guid":{"rendered":"https:\/\/woodandbeauty.com\/?post_type=product&#038;p=6474"},"modified":"2025-10-25T19:16:40","modified_gmt":"2025-10-25T19:16:40","slug":"net-lounge-chair","status":"publish","type":"product","link":"https:\/\/woodandbeauty.com\/fr\/produit\/net-lounge-chair\/","title":{"rendered":"Net Lounge Chair"},"content":{"rendered":"<p>Le fauteuil Net Lounge pr\u00e9sente un design \u00e9l\u00e9gant et moderne alliant confort et praticit\u00e9. Fabriqu\u00e9 avec une structure en bois robuste et des mat\u00e9riaux respirants, il est parfait pour l'int\u00e9rieur comme pour l'ext\u00e9rieur. Son style minimaliste et sa forme ergonomique en font un choix id\u00e9al pour se d\u00e9tendre, quel que soit l'espace.<\/p>","protected":false},"excerpt":{"rendered":"<p><strong>MATERIAU<\/strong>\u00a0100% premium Teck Massif<br \/>\nDisponible En Plusieurs Finitions<br \/>\nDimensions Speciales sur Demande<\/p>","protected":false},"featured_media":6475,"comment_status":"open","ping_status":"closed","template":"","meta":[],"product_brand":[],"product_cat":[50],"product_tag":[],"class_list":{"0":"post-6474","1":"product","2":"type-product","3":"status-publish","4":"has-post-thumbnail","6":"product_cat-lounge-chairs","8":"first","9":"instock","10":"shipping-taxable","11":"product-type-simple"},"_links":{"self":[{"href":"https:\/\/woodandbeauty.com\/fr\/wp-json\/wp\/v2\/product\/6474","targetHints":{"allow":["GET"]}}],"collection":[{"href":"https:\/\/woodandbeauty.com\/fr\/wp-json\/wp\/v2\/product"}],"about":[{"href":"https:\/\/woodandbeauty.com\/fr\/wp-json\/wp\/v2\/types\/product"}],"replies":[{"embeddable":true,"href":"https:\/\/woodandbeauty.com\/fr\/wp-json\/wp\/v2\/comments?post=6474"}],"wp:featuredmedia":[{"embeddable":true,"href":"https:\/\/woodandbeauty.com\/fr\/wp-json\/wp\/v2\/media\/6475"}],"wp:attachment":[{"href":"https:\/\/woodandbeauty.com\/fr\/wp-json\/wp\/v2\/media?parent=6474"}],"wp:term":[{"taxonomy":"product_brand","embeddable":true,"href":"https:\/\/woodandbeauty.com\/fr\/wp-json\/wp\/v2\/product_brand?post=6474"},{"taxonomy":"product_cat","embeddable":true,"href":"https:\/\/woodandbeauty.com\/fr\/wp-json\/wp\/v2\/product_cat?post=6474"},{"taxonomy":"product_tag","embeddable":true,"href":"https:\/\/woodandbeauty.com\/fr\/wp-json\/wp\/v2\/product_tag?post=6474"}],"curies":[{"name":"wp","href":"https:\/\/api.w.org\/{rel}","templated":true}]}}