{"id":6479,"date":"2025-10-11T11:33:08","date_gmt":"2025-10-11T11:33:08","guid":{"rendered":"https:\/\/woodandbeauty.com\/?post_type=product&#038;p=6479"},"modified":"2026-02-10T10:07:50","modified_gmt":"2026-02-10T10:07:50","slug":"slim-lounge-chair","status":"publish","type":"product","link":"https:\/\/woodandbeauty.com\/fr\/produit\/slim-lounge-chair\/","title":{"rendered":"Slim Lounge Chair"},"content":{"rendered":"<p>Le fauteuil Slim Lounge allie \u00e0 la perfection style et confort. Avec son design \u00e9l\u00e9gant et minimaliste et sa structure en bois robuste, il apporte une touche de modernit\u00e9 \u00e0 n'importe quelle pi\u00e8ce. Son rembourrage moelleux et son assise confortable en font un choix id\u00e9al pour la d\u00e9tente comme pour un salon contemporain.<\/p>","protected":false},"excerpt":{"rendered":"<p><strong>MATERIAU<\/strong>\u00a0100% premium Teck Massif<br \/>\nDisponible En Plusieurs Finitions<br \/>\nDimensions Speciales sur Demande<\/p>","protected":false},"featured_media":6480,"comment_status":"open","ping_status":"closed","template":"","meta":[],"product_brand":[],"product_cat":[50],"product_tag":[],"class_list":{"0":"post-6479","1":"product","2":"type-product","3":"status-publish","4":"has-post-thumbnail","6":"product_cat-lounge-chairs","8":"first","9":"instock","10":"shipping-taxable","11":"product-type-simple"},"_links":{"self":[{"href":"https:\/\/woodandbeauty.com\/fr\/wp-json\/wp\/v2\/product\/6479","targetHints":{"allow":["GET"]}}],"collection":[{"href":"https:\/\/woodandbeauty.com\/fr\/wp-json\/wp\/v2\/product"}],"about":[{"href":"https:\/\/woodandbeauty.com\/fr\/wp-json\/wp\/v2\/types\/product"}],"replies":[{"embeddable":true,"href":"https:\/\/woodandbeauty.com\/fr\/wp-json\/wp\/v2\/comments?post=6479"}],"wp:featuredmedia":[{"embeddable":true,"href":"https:\/\/woodandbeauty.com\/fr\/wp-json\/wp\/v2\/media\/6480"}],"wp:attachment":[{"href":"https:\/\/woodandbeauty.com\/fr\/wp-json\/wp\/v2\/media?parent=6479"}],"wp:term":[{"taxonomy":"product_brand","embeddable":true,"href":"https:\/\/woodandbeauty.com\/fr\/wp-json\/wp\/v2\/product_brand?post=6479"},{"taxonomy":"product_cat","embeddable":true,"href":"https:\/\/woodandbeauty.com\/fr\/wp-json\/wp\/v2\/product_cat?post=6479"},{"taxonomy":"product_tag","embeddable":true,"href":"https:\/\/woodandbeauty.com\/fr\/wp-json\/wp\/v2\/product_tag?post=6479"}],"curies":[{"name":"wp","href":"https:\/\/api.w.org\/{rel}","templated":true}]}}