{"id":6568,"date":"2025-10-17T04:46:31","date_gmt":"2025-10-17T04:46:31","guid":{"rendered":"https:\/\/woodandbeauty.com\/?post_type=product&#038;p=6568"},"modified":"2025-10-25T18:57:08","modified_gmt":"2025-10-25T18:57:08","slug":"new-mischa-sofa","status":"publish","type":"product","link":"https:\/\/woodandbeauty.com\/fr\/produit\/new-mischa-sofa\/","title":{"rendered":"New Mischa Sofa"},"content":{"rendered":"<p>Nouveau canap\u00e9 Mischa \u2013 Un ajout \u00e9l\u00e9gant et confortable \u00e0 votre int\u00e9rieur. Con\u00e7u avec une silhouette raffin\u00e9e et un savoir-faire de qualit\u00e9, ce canap\u00e9 allie confort moderne et charme intemporel. Son rev\u00eatement moelleux et son pi\u00e8tement en bois r\u00e9sistant en font un choix id\u00e9al pour se d\u00e9tendre et rehausser le style de votre salon.<\/p>","protected":false},"excerpt":{"rendered":"<p><strong>MATERIAU<\/strong>\u00a0100% premium Teck Massif<br \/>\nDisponible En Plusieurs Finitions<br \/>\nDimensions Speciales sur Demande<\/p>","protected":false},"featured_media":6571,"comment_status":"open","ping_status":"closed","template":"","meta":[],"product_brand":[],"product_cat":[49],"product_tag":[],"class_list":{"0":"post-6568","1":"product","2":"type-product","3":"status-publish","4":"has-post-thumbnail","6":"product_cat-sofas","8":"first","9":"instock","10":"shipping-taxable","11":"product-type-simple"},"_links":{"self":[{"href":"https:\/\/woodandbeauty.com\/fr\/wp-json\/wp\/v2\/product\/6568","targetHints":{"allow":["GET"]}}],"collection":[{"href":"https:\/\/woodandbeauty.com\/fr\/wp-json\/wp\/v2\/product"}],"about":[{"href":"https:\/\/woodandbeauty.com\/fr\/wp-json\/wp\/v2\/types\/product"}],"replies":[{"embeddable":true,"href":"https:\/\/woodandbeauty.com\/fr\/wp-json\/wp\/v2\/comments?post=6568"}],"wp:featuredmedia":[{"embeddable":true,"href":"https:\/\/woodandbeauty.com\/fr\/wp-json\/wp\/v2\/media\/6571"}],"wp:attachment":[{"href":"https:\/\/woodandbeauty.com\/fr\/wp-json\/wp\/v2\/media?parent=6568"}],"wp:term":[{"taxonomy":"product_brand","embeddable":true,"href":"https:\/\/woodandbeauty.com\/fr\/wp-json\/wp\/v2\/product_brand?post=6568"},{"taxonomy":"product_cat","embeddable":true,"href":"https:\/\/woodandbeauty.com\/fr\/wp-json\/wp\/v2\/product_cat?post=6568"},{"taxonomy":"product_tag","embeddable":true,"href":"https:\/\/woodandbeauty.com\/fr\/wp-json\/wp\/v2\/product_tag?post=6568"}],"curies":[{"name":"wp","href":"https:\/\/api.w.org\/{rel}","templated":true}]}}