{"id":6577,"date":"2026-02-10T04:57:54","date_gmt":"2026-02-10T04:57:54","guid":{"rendered":"https:\/\/woodandbeauty.com\/?post_type=product&#038;p=6577"},"modified":"2026-02-10T10:28:30","modified_gmt":"2026-02-10T10:28:30","slug":"sarah-sofa","status":"publish","type":"product","link":"https:\/\/woodandbeauty.com\/fr\/produit\/sarah-sofa\/","title":{"rendered":"Sarah Sofa"},"content":{"rendered":"<p>Canap\u00e9 Sarah \u2013 \u00c9l\u00e9gant, confortable et d'une finition parfaite. Le canap\u00e9 Sarah pr\u00e9sente un design \u00e9pur\u00e9 avec une assise moelleuse et une structure en bois massif, alliant style et durabilit\u00e9. Ses d\u00e9tails raffin\u00e9s et son rev\u00eatement moelleux en font un choix \u00e9l\u00e9gant pour tout int\u00e9rieur moderne ou classique.<\/p>","protected":false},"excerpt":{"rendered":"<p><strong>MATERIAU<\/strong>\u00a0100% premium Teck Massif<br \/>\nDisponible En Plusieurs Finitions<br \/>\nDimensions Speciales sur Demande<\/p>","protected":false},"featured_media":6583,"comment_status":"open","ping_status":"closed","template":"","meta":[],"product_brand":[],"product_cat":[49,73],"product_tag":[],"class_list":{"0":"post-6577","1":"product","2":"type-product","3":"status-publish","4":"has-post-thumbnail","6":"product_cat-sofas","7":"product_cat-the-new-sara-line-collection","9":"first","10":"instock","11":"shipping-taxable","12":"product-type-simple"},"_links":{"self":[{"href":"https:\/\/woodandbeauty.com\/fr\/wp-json\/wp\/v2\/product\/6577","targetHints":{"allow":["GET"]}}],"collection":[{"href":"https:\/\/woodandbeauty.com\/fr\/wp-json\/wp\/v2\/product"}],"about":[{"href":"https:\/\/woodandbeauty.com\/fr\/wp-json\/wp\/v2\/types\/product"}],"replies":[{"embeddable":true,"href":"https:\/\/woodandbeauty.com\/fr\/wp-json\/wp\/v2\/comments?post=6577"}],"wp:featuredmedia":[{"embeddable":true,"href":"https:\/\/woodandbeauty.com\/fr\/wp-json\/wp\/v2\/media\/6583"}],"wp:attachment":[{"href":"https:\/\/woodandbeauty.com\/fr\/wp-json\/wp\/v2\/media?parent=6577"}],"wp:term":[{"taxonomy":"product_brand","embeddable":true,"href":"https:\/\/woodandbeauty.com\/fr\/wp-json\/wp\/v2\/product_brand?post=6577"},{"taxonomy":"product_cat","embeddable":true,"href":"https:\/\/woodandbeauty.com\/fr\/wp-json\/wp\/v2\/product_cat?post=6577"},{"taxonomy":"product_tag","embeddable":true,"href":"https:\/\/woodandbeauty.com\/fr\/wp-json\/wp\/v2\/product_tag?post=6577"}],"curies":[{"name":"wp","href":"https:\/\/api.w.org\/{rel}","templated":true}]}}