{"id":6585,"date":"2025-10-17T05:03:48","date_gmt":"2025-10-17T05:03:48","guid":{"rendered":"https:\/\/woodandbeauty.com\/?post_type=product&#038;p=6585"},"modified":"2025-10-25T19:01:49","modified_gmt":"2025-10-25T19:01:49","slug":"vespucci-sofa","status":"publish","type":"product","link":"https:\/\/woodandbeauty.com\/fr\/produit\/vespucci-sofa\/","title":{"rendered":"Vespucci Sofa"},"content":{"rendered":"<p>Canap\u00e9 Vespucci \u2013 Un chef-d'\u0153uvre d'\u00e9l\u00e9gance et de confort moderne. Con\u00e7u avec une structure en bois robuste et un tissu haut de gamme, il allie style et durabilit\u00e9. Sa silhouette raffin\u00e9e et son rembourrage moelleux en font le compl\u00e9ment id\u00e9al pour sublimer l'ambiance de votre salon.<\/p>","protected":false},"excerpt":{"rendered":"<p><strong>MATERIAU<\/strong>\u00a0100% premium Teck Massif<br \/>\nDisponible En Plusieurs Finitions<br \/>\nDimensions Speciales sur Demande<\/p>","protected":false},"featured_media":6581,"comment_status":"open","ping_status":"closed","template":"","meta":[],"product_brand":[],"product_cat":[49],"product_tag":[],"class_list":{"0":"post-6585","1":"product","2":"type-product","3":"status-publish","4":"has-post-thumbnail","6":"product_cat-sofas","8":"first","9":"instock","10":"shipping-taxable","11":"product-type-simple"},"_links":{"self":[{"href":"https:\/\/woodandbeauty.com\/fr\/wp-json\/wp\/v2\/product\/6585","targetHints":{"allow":["GET"]}}],"collection":[{"href":"https:\/\/woodandbeauty.com\/fr\/wp-json\/wp\/v2\/product"}],"about":[{"href":"https:\/\/woodandbeauty.com\/fr\/wp-json\/wp\/v2\/types\/product"}],"replies":[{"embeddable":true,"href":"https:\/\/woodandbeauty.com\/fr\/wp-json\/wp\/v2\/comments?post=6585"}],"wp:featuredmedia":[{"embeddable":true,"href":"https:\/\/woodandbeauty.com\/fr\/wp-json\/wp\/v2\/media\/6581"}],"wp:attachment":[{"href":"https:\/\/woodandbeauty.com\/fr\/wp-json\/wp\/v2\/media?parent=6585"}],"wp:term":[{"taxonomy":"product_brand","embeddable":true,"href":"https:\/\/woodandbeauty.com\/fr\/wp-json\/wp\/v2\/product_brand?post=6585"},{"taxonomy":"product_cat","embeddable":true,"href":"https:\/\/woodandbeauty.com\/fr\/wp-json\/wp\/v2\/product_cat?post=6585"},{"taxonomy":"product_tag","embeddable":true,"href":"https:\/\/woodandbeauty.com\/fr\/wp-json\/wp\/v2\/product_tag?post=6585"}],"curies":[{"name":"wp","href":"https:\/\/api.w.org\/{rel}","templated":true}]}}