{"id":7072,"date":"2025-11-22T12:18:28","date_gmt":"2025-11-22T12:18:28","guid":{"rendered":"https:\/\/woodandbeauty.com\/?post_type=product&#038;p=7072"},"modified":"2025-11-22T12:22:48","modified_gmt":"2025-11-22T12:22:48","slug":"birillo-coffee-table","status":"publish","type":"product","link":"https:\/\/woodandbeauty.com\/fr\/produit\/birillo-coffee-table\/","title":{"rendered":"Birillo Coffee Table"},"content":{"rendered":"<p>Table basse artisanale en teck massif, envelopp\u00e9e d\u2019un tressage en cordage marin au motif sculptural. Son plateau <strong data-start=\"370\" data-end=\"384\">coulissant<\/strong> d\u00e9voile un espace de rangement discret, alliant esth\u00e9tique et praticit\u00e9. Id\u00e9ale pour les espaces indoor &amp; outdoor abrit\u00e9s.<\/p>","protected":false},"excerpt":{"rendered":"<p><strong> MATERIAU<\/strong> 100% premium Teck Massif<br \/>\nDisponible En Plusieurs Finitions<br \/>\nDimensions Speciales sur Demande<\/p>","protected":false},"featured_media":7071,"comment_status":"open","ping_status":"closed","template":"","meta":[],"product_brand":[],"product_cat":[53],"product_tag":[],"class_list":{"0":"post-7072","1":"product","2":"type-product","3":"status-publish","4":"has-post-thumbnail","6":"product_cat-coffee-tables","8":"first","9":"instock","10":"shipping-taxable","11":"product-type-simple"},"_links":{"self":[{"href":"https:\/\/woodandbeauty.com\/fr\/wp-json\/wp\/v2\/product\/7072","targetHints":{"allow":["GET"]}}],"collection":[{"href":"https:\/\/woodandbeauty.com\/fr\/wp-json\/wp\/v2\/product"}],"about":[{"href":"https:\/\/woodandbeauty.com\/fr\/wp-json\/wp\/v2\/types\/product"}],"replies":[{"embeddable":true,"href":"https:\/\/woodandbeauty.com\/fr\/wp-json\/wp\/v2\/comments?post=7072"}],"wp:featuredmedia":[{"embeddable":true,"href":"https:\/\/woodandbeauty.com\/fr\/wp-json\/wp\/v2\/media\/7071"}],"wp:attachment":[{"href":"https:\/\/woodandbeauty.com\/fr\/wp-json\/wp\/v2\/media?parent=7072"}],"wp:term":[{"taxonomy":"product_brand","embeddable":true,"href":"https:\/\/woodandbeauty.com\/fr\/wp-json\/wp\/v2\/product_brand?post=7072"},{"taxonomy":"product_cat","embeddable":true,"href":"https:\/\/woodandbeauty.com\/fr\/wp-json\/wp\/v2\/product_cat?post=7072"},{"taxonomy":"product_tag","embeddable":true,"href":"https:\/\/woodandbeauty.com\/fr\/wp-json\/wp\/v2\/product_tag?post=7072"}],"curies":[{"name":"wp","href":"https:\/\/api.w.org\/{rel}","templated":true}]}}