{"id":7933,"date":"2026-01-19T18:48:05","date_gmt":"2026-01-19T18:48:05","guid":{"rendered":"https:\/\/woodandbeauty.com\/?post_type=product&#038;p=7933"},"modified":"2026-01-21T15:33:29","modified_gmt":"2026-01-21T15:33:29","slug":"table-bois-petrifie-rectangle","status":"publish","type":"product","link":"https:\/\/woodandbeauty.com\/fr\/produit\/table-bois-petrifie-rectangle\/","title":{"rendered":"Table bois p\u00e9trifi\u00e9 rectangle"},"content":{"rendered":"<p>Table en bois p\u00e9trifi\u00e9: 210x90x75<\/p>\n<p>Pied x2 :\u00a0 70x25x50<\/p>\n<p>Chant biseaut\u00e9<\/p>\n<p>Compos\u00e9e de dalle de 30&#215;30<\/p>","protected":false},"excerpt":{"rendered":"<p>Cette table en bois p\u00e9trifi\u00e9 rectangulaire associe textures fossilis\u00e9es naturelles, tonalit\u00e9s chaleureuses.<\/p>\n<p>Une cr\u00e9ation unique pens\u00e9e pour sublimer les espaces contemporains et haut de gamme.<\/p>","protected":false},"featured_media":7921,"comment_status":"open","ping_status":"closed","template":"","meta":[],"product_brand":[],"product_cat":[84,45],"product_tag":[],"class_list":{"0":"post-7933","1":"product","2":"type-product","3":"status-publish","4":"has-post-thumbnail","6":"product_cat-tables-petrified-wood","7":"product_cat-petrified-wood","9":"first","10":"instock","11":"shipping-taxable","12":"product-type-simple"},"_links":{"self":[{"href":"https:\/\/woodandbeauty.com\/fr\/wp-json\/wp\/v2\/product\/7933","targetHints":{"allow":["GET"]}}],"collection":[{"href":"https:\/\/woodandbeauty.com\/fr\/wp-json\/wp\/v2\/product"}],"about":[{"href":"https:\/\/woodandbeauty.com\/fr\/wp-json\/wp\/v2\/types\/product"}],"replies":[{"embeddable":true,"href":"https:\/\/woodandbeauty.com\/fr\/wp-json\/wp\/v2\/comments?post=7933"}],"wp:featuredmedia":[{"embeddable":true,"href":"https:\/\/woodandbeauty.com\/fr\/wp-json\/wp\/v2\/media\/7921"}],"wp:attachment":[{"href":"https:\/\/woodandbeauty.com\/fr\/wp-json\/wp\/v2\/media?parent=7933"}],"wp:term":[{"taxonomy":"product_brand","embeddable":true,"href":"https:\/\/woodandbeauty.com\/fr\/wp-json\/wp\/v2\/product_brand?post=7933"},{"taxonomy":"product_cat","embeddable":true,"href":"https:\/\/woodandbeauty.com\/fr\/wp-json\/wp\/v2\/product_cat?post=7933"},{"taxonomy":"product_tag","embeddable":true,"href":"https:\/\/woodandbeauty.com\/fr\/wp-json\/wp\/v2\/product_tag?post=7933"}],"curies":[{"name":"wp","href":"https:\/\/api.w.org\/{rel}","templated":true}]}}