{"id":7958,"date":"2026-01-20T14:16:15","date_gmt":"2026-01-20T14:16:15","guid":{"rendered":"https:\/\/woodandbeauty.com\/?post_type=product&#038;p=7958"},"modified":"2026-01-21T15:38:13","modified_gmt":"2026-01-21T15:38:13","slug":"table-bois-petrifie-rectangle-2","status":"publish","type":"product","link":"https:\/\/woodandbeauty.com\/fr\/produit\/table-bois-petrifie-rectangle-2\/","title":{"rendered":"Table bois p\u00e9trifi\u00e9 rectangle"},"content":{"rendered":"<p>Table en bois p\u00e9trifi\u00e9: 248x125x75<\/p>\n<p>Pied x2 :\u00a0 70x20x60<\/p>\n<p>Compos\u00e9 de dalles rectangulaires de taille variable.<\/p>\n<p>Chant droit<\/p>\n<p>&nbsp;<\/p>","protected":false},"excerpt":{"rendered":"<p>Table rectangulaire en bois p\u00e9trifi\u00e9 noir \u00e0 plateau mosa\u00efque min\u00e9ral aux contrastes naturels marqu\u00e9s.<\/p>\n<p>Sa structure \u00e0 double pi\u00e8tement massif offre stabilit\u00e9 et caract\u00e8re.<\/p>\n<p>Une pi\u00e8ce exclusive m\u00ealant puissance visuelle, authenticit\u00e9 et design intemporel.<\/p>","protected":false},"featured_media":7959,"comment_status":"open","ping_status":"closed","template":"","meta":[],"product_brand":[],"product_cat":[84,45],"product_tag":[],"class_list":{"0":"post-7958","1":"product","2":"type-product","3":"status-publish","4":"has-post-thumbnail","6":"product_cat-tables-petrified-wood","7":"product_cat-petrified-wood","9":"first","10":"instock","11":"shipping-taxable","12":"product-type-simple"},"_links":{"self":[{"href":"https:\/\/woodandbeauty.com\/fr\/wp-json\/wp\/v2\/product\/7958","targetHints":{"allow":["GET"]}}],"collection":[{"href":"https:\/\/woodandbeauty.com\/fr\/wp-json\/wp\/v2\/product"}],"about":[{"href":"https:\/\/woodandbeauty.com\/fr\/wp-json\/wp\/v2\/types\/product"}],"replies":[{"embeddable":true,"href":"https:\/\/woodandbeauty.com\/fr\/wp-json\/wp\/v2\/comments?post=7958"}],"wp:featuredmedia":[{"embeddable":true,"href":"https:\/\/woodandbeauty.com\/fr\/wp-json\/wp\/v2\/media\/7959"}],"wp:attachment":[{"href":"https:\/\/woodandbeauty.com\/fr\/wp-json\/wp\/v2\/media?parent=7958"}],"wp:term":[{"taxonomy":"product_brand","embeddable":true,"href":"https:\/\/woodandbeauty.com\/fr\/wp-json\/wp\/v2\/product_brand?post=7958"},{"taxonomy":"product_cat","embeddable":true,"href":"https:\/\/woodandbeauty.com\/fr\/wp-json\/wp\/v2\/product_cat?post=7958"},{"taxonomy":"product_tag","embeddable":true,"href":"https:\/\/woodandbeauty.com\/fr\/wp-json\/wp\/v2\/product_tag?post=7958"}],"curies":[{"name":"wp","href":"https:\/\/api.w.org\/{rel}","templated":true}]}}