{"id":7982,"date":"2026-01-20T14:38:29","date_gmt":"2026-01-20T14:38:29","guid":{"rendered":"https:\/\/woodandbeauty.com\/?post_type=product&#038;p=7982"},"modified":"2026-01-21T13:38:17","modified_gmt":"2026-01-21T13:38:17","slug":"table-bois-petrifie-rectangle-5","status":"publish","type":"product","link":"https:\/\/woodandbeauty.com\/fr\/produit\/table-bois-petrifie-rectangle-5\/","title":{"rendered":"Table bois p\u00e9trifi\u00e9 rectangle"},"content":{"rendered":"<p>Table en bois p\u00e9trifi\u00e9: 300x100x75<\/p>\n<p>Pied x2 :\u00a0 70x20x60<\/p>\n<p>Chant diamant<\/p>\n<p>Compos\u00e9e de dalle de 33\u00d733<\/p>","protected":false},"excerpt":{"rendered":"<p>Table rectangulaire en bois p\u00e9trifi\u00e9 aux tonalit\u00e9s naturelles claires et veinages min\u00e9raux subtils, compos\u00e9e d\u2019un plateau mosa\u00efque \u00e9l\u00e9gant.<\/p>\n<p>Sa structure \u00e0 double pi\u00e8tement massif apporte stabilit\u00e9 et caract\u00e8re.<\/p>","protected":false},"featured_media":7985,"comment_status":"open","ping_status":"closed","template":"","meta":[],"product_brand":[],"product_cat":[84,45],"product_tag":[],"class_list":{"0":"post-7982","1":"product","2":"type-product","3":"status-publish","4":"has-post-thumbnail","6":"product_cat-tables-petrified-wood","7":"product_cat-petrified-wood","9":"first","10":"instock","11":"shipping-taxable","12":"product-type-simple"},"_links":{"self":[{"href":"https:\/\/woodandbeauty.com\/fr\/wp-json\/wp\/v2\/product\/7982","targetHints":{"allow":["GET"]}}],"collection":[{"href":"https:\/\/woodandbeauty.com\/fr\/wp-json\/wp\/v2\/product"}],"about":[{"href":"https:\/\/woodandbeauty.com\/fr\/wp-json\/wp\/v2\/types\/product"}],"replies":[{"embeddable":true,"href":"https:\/\/woodandbeauty.com\/fr\/wp-json\/wp\/v2\/comments?post=7982"}],"wp:featuredmedia":[{"embeddable":true,"href":"https:\/\/woodandbeauty.com\/fr\/wp-json\/wp\/v2\/media\/7985"}],"wp:attachment":[{"href":"https:\/\/woodandbeauty.com\/fr\/wp-json\/wp\/v2\/media?parent=7982"}],"wp:term":[{"taxonomy":"product_brand","embeddable":true,"href":"https:\/\/woodandbeauty.com\/fr\/wp-json\/wp\/v2\/product_brand?post=7982"},{"taxonomy":"product_cat","embeddable":true,"href":"https:\/\/woodandbeauty.com\/fr\/wp-json\/wp\/v2\/product_cat?post=7982"},{"taxonomy":"product_tag","embeddable":true,"href":"https:\/\/woodandbeauty.com\/fr\/wp-json\/wp\/v2\/product_tag?post=7982"}],"curies":[{"name":"wp","href":"https:\/\/api.w.org\/{rel}","templated":true}]}}