{"id":7992,"date":"2026-01-20T14:47:03","date_gmt":"2026-01-20T14:47:03","guid":{"rendered":"https:\/\/woodandbeauty.com\/?post_type=product&#038;p=7992"},"modified":"2026-01-21T10:12:07","modified_gmt":"2026-01-21T10:12:07","slug":"table-bois-petrifie-carree","status":"publish","type":"product","link":"https:\/\/woodandbeauty.com\/fr\/produit\/table-bois-petrifie-carree\/","title":{"rendered":"Table bois p\u00e9trifi\u00e9 carr\u00e9e"},"content":{"rendered":"<p>Table en bois p\u00e9trifi\u00e9: 100x100x75<\/p>\n<p>Pied central 70x40x40<\/p>\n<p>Chant droit<\/p>\n<p>Compos\u00e9e de dalle de 25&#215;25<\/p>","protected":false},"excerpt":{"rendered":"<p>Plateau carr\u00e9 en bois p\u00e9trifi\u00e9 aux motifs min\u00e9raux naturels uniques, port\u00e9 par un pi\u00e8tement central.<\/p>\n<p>Chaque table est une pi\u00e8ce unique, au design puissant, brut et intemporel.<\/p>","protected":false},"featured_media":7996,"comment_status":"open","ping_status":"closed","template":"","meta":[],"product_brand":[],"product_cat":[84,45],"product_tag":[],"class_list":{"0":"post-7992","1":"product","2":"type-product","3":"status-publish","4":"has-post-thumbnail","6":"product_cat-tables-petrified-wood","7":"product_cat-petrified-wood","9":"first","10":"instock","11":"shipping-taxable","12":"product-type-simple"},"_links":{"self":[{"href":"https:\/\/woodandbeauty.com\/fr\/wp-json\/wp\/v2\/product\/7992","targetHints":{"allow":["GET"]}}],"collection":[{"href":"https:\/\/woodandbeauty.com\/fr\/wp-json\/wp\/v2\/product"}],"about":[{"href":"https:\/\/woodandbeauty.com\/fr\/wp-json\/wp\/v2\/types\/product"}],"replies":[{"embeddable":true,"href":"https:\/\/woodandbeauty.com\/fr\/wp-json\/wp\/v2\/comments?post=7992"}],"wp:featuredmedia":[{"embeddable":true,"href":"https:\/\/woodandbeauty.com\/fr\/wp-json\/wp\/v2\/media\/7996"}],"wp:attachment":[{"href":"https:\/\/woodandbeauty.com\/fr\/wp-json\/wp\/v2\/media?parent=7992"}],"wp:term":[{"taxonomy":"product_brand","embeddable":true,"href":"https:\/\/woodandbeauty.com\/fr\/wp-json\/wp\/v2\/product_brand?post=7992"},{"taxonomy":"product_cat","embeddable":true,"href":"https:\/\/woodandbeauty.com\/fr\/wp-json\/wp\/v2\/product_cat?post=7992"},{"taxonomy":"product_tag","embeddable":true,"href":"https:\/\/woodandbeauty.com\/fr\/wp-json\/wp\/v2\/product_tag?post=7992"}],"curies":[{"name":"wp","href":"https:\/\/api.w.org\/{rel}","templated":true}]}}