{"id":7998,"date":"2026-01-20T14:54:45","date_gmt":"2026-01-20T14:54:45","guid":{"rendered":"https:\/\/woodandbeauty.com\/?post_type=product&#038;p=7998"},"modified":"2026-02-11T09:57:36","modified_gmt":"2026-02-11T09:57:36","slug":"table-bois-petrifie-carree-2","status":"publish","type":"product","link":"https:\/\/woodandbeauty.com\/fr\/produit\/table-bois-petrifie-carree-2\/","title":{"rendered":"Table bois p\u00e9trifi\u00e9 carr\u00e9e"},"content":{"rendered":"<p>Table en bois p\u00e9trifi\u00e9: 100x100x75<\/p>\n<p>Pied central 70x40x40<\/p>\n<p>Chant droit<\/p>\n<p>Compos\u00e9e de dalle de 25&#215;25<\/p>","protected":false},"excerpt":{"rendered":"<p data-start=\"959\" data-end=\"1161\">Table carr\u00e9e en bois p\u00e9trifi\u00e9 naturel avec plateau min\u00e9ral et base centrale monolithique.<\/p>\n<p data-start=\"959\" data-end=\"1161\">Chaque exemplaire est unique, offrant un design architectural et une pr\u00e9sence forte dans tout int\u00e9rieur premium.<\/p>","protected":false},"featured_media":7999,"comment_status":"open","ping_status":"closed","template":"","meta":[],"product_brand":[],"product_cat":[84,45],"product_tag":[],"class_list":{"0":"post-7998","1":"product","2":"type-product","3":"status-publish","4":"has-post-thumbnail","6":"product_cat-tables-petrified-wood","7":"product_cat-petrified-wood","9":"first","10":"instock","11":"shipping-taxable","12":"product-type-simple"},"_links":{"self":[{"href":"https:\/\/woodandbeauty.com\/fr\/wp-json\/wp\/v2\/product\/7998","targetHints":{"allow":["GET"]}}],"collection":[{"href":"https:\/\/woodandbeauty.com\/fr\/wp-json\/wp\/v2\/product"}],"about":[{"href":"https:\/\/woodandbeauty.com\/fr\/wp-json\/wp\/v2\/types\/product"}],"replies":[{"embeddable":true,"href":"https:\/\/woodandbeauty.com\/fr\/wp-json\/wp\/v2\/comments?post=7998"}],"wp:featuredmedia":[{"embeddable":true,"href":"https:\/\/woodandbeauty.com\/fr\/wp-json\/wp\/v2\/media\/7999"}],"wp:attachment":[{"href":"https:\/\/woodandbeauty.com\/fr\/wp-json\/wp\/v2\/media?parent=7998"}],"wp:term":[{"taxonomy":"product_brand","embeddable":true,"href":"https:\/\/woodandbeauty.com\/fr\/wp-json\/wp\/v2\/product_brand?post=7998"},{"taxonomy":"product_cat","embeddable":true,"href":"https:\/\/woodandbeauty.com\/fr\/wp-json\/wp\/v2\/product_cat?post=7998"},{"taxonomy":"product_tag","embeddable":true,"href":"https:\/\/woodandbeauty.com\/fr\/wp-json\/wp\/v2\/product_tag?post=7998"}],"curies":[{"name":"wp","href":"https:\/\/api.w.org\/{rel}","templated":true}]}}