{"id":8045,"date":"2026-01-20T18:02:45","date_gmt":"2026-01-20T18:02:45","guid":{"rendered":"https:\/\/woodandbeauty.com\/?post_type=product&#038;p=8045"},"modified":"2026-01-21T13:33:08","modified_gmt":"2026-01-21T13:33:08","slug":"table-bois-petrifie-rectangle-6","status":"publish","type":"product","link":"https:\/\/woodandbeauty.com\/fr\/produit\/table-bois-petrifie-rectangle-6\/","title":{"rendered":"Table bois p\u00e9trifi\u00e9 rectangle"},"content":{"rendered":"<p>Table en bois p\u00e9trifi\u00e9: 220x100x75<\/p>\n<p>Pied x 2 : 70x25x50<\/p>\n<p>Chant biseaut\u00e9<\/p>\n<p>&nbsp;<\/p>","protected":false},"excerpt":{"rendered":"<p>Cette table en bois p\u00e9trifi\u00e9 rectangulaire associe textures min\u00e9rales naturelles, lignes \u00e9tir\u00e9es et pi\u00e8tement double.<\/p>\n<p>Une pi\u00e8ce unique pens\u00e9e pour les grands espaces et les int\u00e9rieurs contemporains haut de gamme.<\/p>","protected":false},"featured_media":8047,"comment_status":"open","ping_status":"closed","template":"","meta":[],"product_brand":[],"product_cat":[84,45],"product_tag":[],"class_list":{"0":"post-8045","1":"product","2":"type-product","3":"status-publish","4":"has-post-thumbnail","6":"product_cat-tables-petrified-wood","7":"product_cat-petrified-wood","9":"first","10":"instock","11":"shipping-taxable","12":"product-type-simple"},"_links":{"self":[{"href":"https:\/\/woodandbeauty.com\/fr\/wp-json\/wp\/v2\/product\/8045","targetHints":{"allow":["GET"]}}],"collection":[{"href":"https:\/\/woodandbeauty.com\/fr\/wp-json\/wp\/v2\/product"}],"about":[{"href":"https:\/\/woodandbeauty.com\/fr\/wp-json\/wp\/v2\/types\/product"}],"replies":[{"embeddable":true,"href":"https:\/\/woodandbeauty.com\/fr\/wp-json\/wp\/v2\/comments?post=8045"}],"wp:featuredmedia":[{"embeddable":true,"href":"https:\/\/woodandbeauty.com\/fr\/wp-json\/wp\/v2\/media\/8047"}],"wp:attachment":[{"href":"https:\/\/woodandbeauty.com\/fr\/wp-json\/wp\/v2\/media?parent=8045"}],"wp:term":[{"taxonomy":"product_brand","embeddable":true,"href":"https:\/\/woodandbeauty.com\/fr\/wp-json\/wp\/v2\/product_brand?post=8045"},{"taxonomy":"product_cat","embeddable":true,"href":"https:\/\/woodandbeauty.com\/fr\/wp-json\/wp\/v2\/product_cat?post=8045"},{"taxonomy":"product_tag","embeddable":true,"href":"https:\/\/woodandbeauty.com\/fr\/wp-json\/wp\/v2\/product_tag?post=8045"}],"curies":[{"name":"wp","href":"https:\/\/api.w.org\/{rel}","templated":true}]}}