{"id":8139,"date":"2026-02-10T12:05:06","date_gmt":"2026-02-10T12:05:06","guid":{"rendered":"https:\/\/woodandbeauty.com\/?post_type=product&#038;p=8139"},"modified":"2026-02-12T14:51:21","modified_gmt":"2026-02-12T14:51:21","slug":"crocodile-dundee","status":"publish","type":"product","link":"https:\/\/woodandbeauty.com\/fr\/produit\/crocodile-dundee\/","title":{"rendered":"Crocodile Dundee"},"content":{"rendered":"<p>Sculpt\u00e9e dans un tronc massif de suar, cette \u0153uvre monumentale sign\u00e9e EKA r\u00e9v\u00e8le une force brute et instinctive.<br \/>\nSes ouvertures et ses courbes \u00e9voquent la silhouette d\u2019un reptile fossile, fig\u00e9 dans la mati\u00e8re.<br \/>\nTot\u00e9mique et organique, <em><span style=\"font-family: 'Calibri',sans-serif;\">Crocodile Dundee<\/span><\/em> explore les tensions entre vide et plein, chaos et \u00e9quilibre.<br \/>\nUne pi\u00e8ce imposante, \u00e0 la fronti\u00e8re du v\u00e9g\u00e9tal, du min\u00e9ral et de l\u2019imaginaire.<\/p>","protected":false},"excerpt":{"rendered":"<p>ARTISTE : EKA (2024)<\/p>\n<p>Dimension \u00e0 venir<\/p>","protected":false},"featured_media":8206,"comment_status":"open","ping_status":"closed","template":"","meta":[],"product_brand":[],"product_cat":[80],"product_tag":[],"class_list":{"0":"post-8139","1":"product","2":"type-product","3":"status-publish","4":"has-post-thumbnail","6":"product_cat-sculptures","8":"first","9":"instock","10":"shipping-taxable","11":"product-type-simple"},"_links":{"self":[{"href":"https:\/\/woodandbeauty.com\/fr\/wp-json\/wp\/v2\/product\/8139","targetHints":{"allow":["GET"]}}],"collection":[{"href":"https:\/\/woodandbeauty.com\/fr\/wp-json\/wp\/v2\/product"}],"about":[{"href":"https:\/\/woodandbeauty.com\/fr\/wp-json\/wp\/v2\/types\/product"}],"replies":[{"embeddable":true,"href":"https:\/\/woodandbeauty.com\/fr\/wp-json\/wp\/v2\/comments?post=8139"}],"wp:featuredmedia":[{"embeddable":true,"href":"https:\/\/woodandbeauty.com\/fr\/wp-json\/wp\/v2\/media\/8206"}],"wp:attachment":[{"href":"https:\/\/woodandbeauty.com\/fr\/wp-json\/wp\/v2\/media?parent=8139"}],"wp:term":[{"taxonomy":"product_brand","embeddable":true,"href":"https:\/\/woodandbeauty.com\/fr\/wp-json\/wp\/v2\/product_brand?post=8139"},{"taxonomy":"product_cat","embeddable":true,"href":"https:\/\/woodandbeauty.com\/fr\/wp-json\/wp\/v2\/product_cat?post=8139"},{"taxonomy":"product_tag","embeddable":true,"href":"https:\/\/woodandbeauty.com\/fr\/wp-json\/wp\/v2\/product_tag?post=8139"}],"curies":[{"name":"wp","href":"https:\/\/api.w.org\/{rel}","templated":true}]}}