{"id":8323,"date":"2026-02-16T09:42:14","date_gmt":"2026-02-16T09:42:14","guid":{"rendered":"https:\/\/woodandbeauty.com\/?post_type=product&#038;p=8323"},"modified":"2026-02-16T09:44:26","modified_gmt":"2026-02-16T09:44:26","slug":"fossil-symphony","status":"publish","type":"product","link":"https:\/\/woodandbeauty.com\/fr\/produit\/fossil-symphony\/","title":{"rendered":"Fossil Symphony"},"content":{"rendered":"<p>Dans un seul bloc de teck massif, UMI sculpte le silence.<br \/>\nLa mati\u00e8re, creus\u00e9e et a\u00e9rienne, \u00e9voque une forme fossile en suspension.<br \/>\nEntre pleins et vides, la lumi\u00e8re devient rythme, la ligne devient souffle.<br \/>\nN\u00e9 \u00e0 Java, l\u2019artiste r\u00e9v\u00e8le une pr\u00e9sence fragile, \u00e0 la fois puissante et presque immat\u00e9rielle.<br \/>\nUne \u0153uvre intemporelle, o\u00f9 le bois devient musique.<\/p>","protected":false},"excerpt":{"rendered":"<p>ARTISTE : UMI (2022)<\/p>\n<p>Dimension \u00e0 venir<\/p>","protected":false},"featured_media":8322,"comment_status":"open","ping_status":"closed","template":"","meta":[],"product_brand":[],"product_cat":[80],"product_tag":[],"class_list":{"0":"post-8323","1":"product","2":"type-product","3":"status-publish","4":"has-post-thumbnail","6":"product_cat-sculptures","8":"first","9":"instock","10":"shipping-taxable","11":"product-type-simple"},"_links":{"self":[{"href":"https:\/\/woodandbeauty.com\/fr\/wp-json\/wp\/v2\/product\/8323","targetHints":{"allow":["GET"]}}],"collection":[{"href":"https:\/\/woodandbeauty.com\/fr\/wp-json\/wp\/v2\/product"}],"about":[{"href":"https:\/\/woodandbeauty.com\/fr\/wp-json\/wp\/v2\/types\/product"}],"replies":[{"embeddable":true,"href":"https:\/\/woodandbeauty.com\/fr\/wp-json\/wp\/v2\/comments?post=8323"}],"wp:featuredmedia":[{"embeddable":true,"href":"https:\/\/woodandbeauty.com\/fr\/wp-json\/wp\/v2\/media\/8322"}],"wp:attachment":[{"href":"https:\/\/woodandbeauty.com\/fr\/wp-json\/wp\/v2\/media?parent=8323"}],"wp:term":[{"taxonomy":"product_brand","embeddable":true,"href":"https:\/\/woodandbeauty.com\/fr\/wp-json\/wp\/v2\/product_brand?post=8323"},{"taxonomy":"product_cat","embeddable":true,"href":"https:\/\/woodandbeauty.com\/fr\/wp-json\/wp\/v2\/product_cat?post=8323"},{"taxonomy":"product_tag","embeddable":true,"href":"https:\/\/woodandbeauty.com\/fr\/wp-json\/wp\/v2\/product_tag?post=8323"}],"curies":[{"name":"wp","href":"https:\/\/api.w.org\/{rel}","templated":true}]}}